{"id":13,"date":"2021-01-28T15:11:34","date_gmt":"2021-01-28T14:11:34","guid":{"rendered":"https:\/\/optimaconcept.fr\/?page_id=13"},"modified":"2021-09-22T06:21:25","modified_gmt":"2021-09-22T04:21:25","slug":"securite-it","status":"publish","type":"page","link":"https:\/\/optimaconcept.fr\/index.php\/securite-it\/","title":{"rendered":"S\u00e9curit\u00e9 informatique &#038; Cybermalveillance"},"content":{"rendered":"\t\t<div data-elementor-type=\"wp-page\" data-elementor-id=\"13\" class=\"elementor elementor-13\">\n\t\t\t\t\t\t<section class=\"elementor-section elementor-top-section elementor-element elementor-element-9759ea7 elementor-section-boxed elementor-section-height-default elementor-section-height-default\" data-id=\"9759ea7\" data-element_type=\"section\">\n\t\t\t\t\t\t<div class=\"elementor-container elementor-column-gap-default\">\n\t\t\t\t\t<div class=\"elementor-column elementor-col-100 elementor-top-column elementor-element elementor-element-675a922\" data-id=\"675a922\" data-element_type=\"column\">\n\t\t\t<div class=\"elementor-widget-wrap elementor-element-populated\">\n\t\t\t\t\t\t\t<\/div>\n\t\t<\/div>\n\t\t\t\t\t<\/div>\n\t\t<\/section>\n\t\t\t\t<section class=\"elementor-section elementor-top-section elementor-element elementor-element-a8237a elementor-section-boxed elementor-section-height-default elementor-section-height-default\" data-id=\"a8237a\" data-element_type=\"section\" data-settings=\"{&quot;background_background&quot;:&quot;classic&quot;}\">\n\t\t\t\t\t\t\t<div class=\"elementor-background-overlay\"><\/div>\n\t\t\t\t\t\t\t<div class=\"elementor-container elementor-column-gap-default\">\n\t\t\t\t\t<div class=\"elementor-column elementor-col-50 elementor-top-column elementor-element elementor-element-31f58578\" data-id=\"31f58578\" data-element_type=\"column\">\n\t\t\t<div class=\"elementor-widget-wrap elementor-element-populated\">\n\t\t\t\t\t\t<div class=\"elementor-element elementor-element-4c9d1e9 elementor-widget elementor-widget-image\" data-id=\"4c9d1e9\" data-element_type=\"widget\" data-widget_type=\"image.default\">\n\t\t\t\t<div class=\"elementor-widget-container\">\n\t\t\t\t\t\t\t\t\t\t\t\t\t\t\t<img decoding=\"async\" width=\"300\" height=\"166\" src=\"https:\/\/optimaconcept.fr\/wp-content\/uploads\/2021\/09\/Prestataire_cybermalveillance_gouvernement-300x166.png\" class=\"attachment-medium size-medium wp-image-643\" alt=\"prestataire referencement gouvernement cybermaveillance secrutiie informatique\" srcset=\"https:\/\/optimaconcept.fr\/wp-content\/uploads\/2021\/09\/Prestataire_cybermalveillance_gouvernement-300x166.png 300w, https:\/\/optimaconcept.fr\/wp-content\/uploads\/2021\/09\/Prestataire_cybermalveillance_gouvernement-1024x567.png 1024w, https:\/\/optimaconcept.fr\/wp-content\/uploads\/2021\/09\/Prestataire_cybermalveillance_gouvernement-768x426.png 768w, https:\/\/optimaconcept.fr\/wp-content\/uploads\/2021\/09\/Prestataire_cybermalveillance_gouvernement.png 1061w\" sizes=\"(max-width: 300px) 100vw, 300px\" \/>\t\t\t\t\t\t\t\t\t\t\t\t\t\t\t<\/div>\n\t\t\t\t<\/div>\n\t\t\t\t<div class=\"elementor-element elementor-element-70e53567 elementor-widget elementor-widget-video\" data-id=\"70e53567\" data-element_type=\"widget\" data-settings=\"{&quot;autoplay&quot;:&quot;yes&quot;,&quot;youtube_url&quot;:&quot;https:\\\/\\\/www.youtube.com\\\/watch?v=sgvEMcjO0BU&quot;,&quot;video_type&quot;:&quot;youtube&quot;,&quot;controls&quot;:&quot;yes&quot;}\" data-widget_type=\"video.default\">\n\t\t\t\t<div class=\"elementor-widget-container\">\n\t\t\t\t\t\t\t<div class=\"elementor-wrapper elementor-open-inline\">\n\t\t\t<div class=\"elementor-video\"><\/div>\t\t<\/div>\n\t\t\t\t\t\t<\/div>\n\t\t\t\t<\/div>\n\t\t\t\t\t<\/div>\n\t\t<\/div>\n\t\t\t\t<div class=\"elementor-column elementor-col-50 elementor-top-column elementor-element elementor-element-a20301b\" data-id=\"a20301b\" data-element_type=\"column\">\n\t\t\t<div class=\"elementor-widget-wrap elementor-element-populated\">\n\t\t\t\t\t\t<div class=\"elementor-element elementor-element-41ef0c0f elementor-widget elementor-widget-heading\" data-id=\"41ef0c0f\" data-element_type=\"widget\" data-widget_type=\"heading.default\">\n\t\t\t\t<div class=\"elementor-widget-container\">\n\t\t\t\t\t<h2 class=\"elementor-heading-title elementor-size-large\">+ de 97% de risque !<\/h2>\t\t\t\t<\/div>\n\t\t\t\t<\/div>\n\t\t\t\t<div class=\"elementor-element elementor-element-48049fc7 elementor-widget elementor-widget-text-editor\" data-id=\"48049fc7\" data-element_type=\"widget\" data-widget_type=\"text-editor.default\">\n\t\t\t\t<div class=\"elementor-widget-container\">\n\t\t\t\t\t\t\t\t\t<p>97% des soci\u00e9t\u00e9s, ne sont pas \u00e9quip\u00e9s contre les risques de cyber malveillance et Cybercriminalit\u00e9. Optima concept est un professionnel r\u00e9f\u00e9renc\u00e9 des instances gouvernementales de lutte contre la cybermalveillance.<\/p>\t\t\t\t\t\t\t\t<\/div>\n\t\t\t\t<\/div>\n\t\t\t\t<div class=\"elementor-element elementor-element-69d7810c elementor-align-left elementor-widget elementor-widget-button\" data-id=\"69d7810c\" data-element_type=\"widget\" data-widget_type=\"button.default\">\n\t\t\t\t<div class=\"elementor-widget-container\">\n\t\t\t\t\t\t\t\t\t<div class=\"elementor-button-wrapper\">\n\t\t\t\t\t<a class=\"elementor-button elementor-button-link elementor-size-sm\" href=\"http:\/\/optimaconcept.terredocreproduction.fr\/#contact-1\">\n\t\t\t\t\t\t<span class=\"elementor-button-content-wrapper\">\n\t\t\t\t\t\t\t\t\t<span class=\"elementor-button-text\">Demander une D\u00e9mo des solutions anti- cybercriminalit\u00e9<\/span>\n\t\t\t\t\t<\/span>\n\t\t\t\t\t<\/a>\n\t\t\t\t<\/div>\n\t\t\t\t\t\t\t\t<\/div>\n\t\t\t\t<\/div>\n\t\t\t\t\t<\/div>\n\t\t<\/div>\n\t\t\t\t\t<\/div>\n\t\t<\/section>\n\t\t\t\t<section class=\"elementor-section elementor-top-section elementor-element elementor-element-e6abb3b elementor-section-content-middle elementor-section-boxed elementor-section-height-default elementor-section-height-default\" data-id=\"e6abb3b\" data-element_type=\"section\" data-settings=\"{&quot;background_background&quot;:&quot;classic&quot;}\">\n\t\t\t\t\t\t<div class=\"elementor-container elementor-column-gap-no\">\n\t\t\t\t\t<div class=\"elementor-column elementor-col-50 elementor-top-column elementor-element elementor-element-101bc4bb\" data-id=\"101bc4bb\" data-element_type=\"column\">\n\t\t\t<div class=\"elementor-widget-wrap elementor-element-populated\">\n\t\t\t\t\t\t<div class=\"elementor-element elementor-element-3d4060ba elementor-widget elementor-widget-image\" data-id=\"3d4060ba\" data-element_type=\"widget\" data-widget_type=\"image.default\">\n\t\t\t\t<div class=\"elementor-widget-container\">\n\t\t\t\t\t\t\t\t\t\t\t\t\t\t\t<img fetchpriority=\"high\" decoding=\"async\" width=\"570\" height=\"498\" src=\"https:\/\/optimaconcept.fr\/wp-content\/uploads\/2021\/06\/study-box_1.jpg\" class=\"attachment-large size-large wp-image-204\" alt=\"\" srcset=\"https:\/\/optimaconcept.fr\/wp-content\/uploads\/2021\/06\/study-box_1.jpg 570w, https:\/\/optimaconcept.fr\/wp-content\/uploads\/2021\/06\/study-box_1-300x262.jpg 300w\" sizes=\"(max-width: 570px) 100vw, 570px\" \/>\t\t\t\t\t\t\t\t\t\t\t\t\t\t\t<\/div>\n\t\t\t\t<\/div>\n\t\t\t\t\t<\/div>\n\t\t<\/div>\n\t\t\t\t<div class=\"elementor-column elementor-col-50 elementor-top-column elementor-element elementor-element-4de71601\" data-id=\"4de71601\" data-element_type=\"column\" data-settings=\"{&quot;background_background&quot;:&quot;classic&quot;}\">\n\t\t\t<div class=\"elementor-widget-wrap elementor-element-populated\">\n\t\t\t\t\t\t<div class=\"elementor-element elementor-element-5b9aac45 elementor-view-default elementor-widget elementor-widget-icon\" data-id=\"5b9aac45\" data-element_type=\"widget\" data-widget_type=\"icon.default\">\n\t\t\t\t<div class=\"elementor-widget-container\">\n\t\t\t\t\t\t\t<div class=\"elementor-icon-wrapper\">\n\t\t\t<div class=\"elementor-icon\">\n\t\t\t<i aria-hidden=\"true\" class=\"fas fa-handshake\"><\/i>\t\t\t<\/div>\n\t\t<\/div>\n\t\t\t\t\t\t<\/div>\n\t\t\t\t<\/div>\n\t\t\t\t<div class=\"elementor-element elementor-element-e897d90 elementor-widget elementor-widget-heading\" data-id=\"e897d90\" data-element_type=\"widget\" data-widget_type=\"heading.default\">\n\t\t\t\t<div class=\"elementor-widget-container\">\n\t\t\t\t\t<h2 class=\"elementor-heading-title elementor-size-large\">une r\u00e9f\u00e9rence authentifi\u00e9e<\/h2>\t\t\t\t<\/div>\n\t\t\t\t<\/div>\n\t\t\t\t<div class=\"elementor-element elementor-element-6d52181 elementor-widget elementor-widget-text-editor\" data-id=\"6d52181\" data-element_type=\"widget\" data-widget_type=\"text-editor.default\">\n\t\t\t\t<div class=\"elementor-widget-container\">\n\t\t\t\t\t\t\t\t\t<p><span style=\"font-weight: 400;\">Les services de s\u00e9curit\u00e9 informatique d\u2019Optima Concept sont reconnus par une haute instance gouvernementale : <\/span>Le Groupement d\u2019Int\u00e9r\u00eat Public Action contre la Cyber Malveillance (GIP ACYMA) qu\u2019il a int\u00e9gr\u00e9. Nous sommes ainsi en mesure de faire un audit de la s\u00e9curit\u00e9 informatique\u00a0des installations, d&rsquo;informer des risques les entreprises, commerces et administrations et de mettre \u00e0 disposition les actions de pr\u00e9vention n\u00e9cessaires sur le territoire d\u2019Avignon.<\/p>\t\t\t\t\t\t\t\t<\/div>\n\t\t\t\t<\/div>\n\t\t\t\t<div class=\"elementor-element elementor-element-bcc6709 elementor-align-center elementor-widget elementor-widget-button\" data-id=\"bcc6709\" data-element_type=\"widget\" data-widget_type=\"button.default\">\n\t\t\t\t<div class=\"elementor-widget-container\">\n\t\t\t\t\t\t\t\t\t<div class=\"elementor-button-wrapper\">\n\t\t\t\t\t<a class=\"elementor-button elementor-button-link elementor-size-sm\" href=\"http:\/\/optimaconcept.terredocreproduction.fr\/#contact-1\">\n\t\t\t\t\t\t<span class=\"elementor-button-content-wrapper\">\n\t\t\t\t\t\t\t\t\t<span class=\"elementor-button-text\">Demander un RDV<\/span>\n\t\t\t\t\t<\/span>\n\t\t\t\t\t<\/a>\n\t\t\t\t<\/div>\n\t\t\t\t\t\t\t\t<\/div>\n\t\t\t\t<\/div>\n\t\t\t\t\t<\/div>\n\t\t<\/div>\n\t\t\t\t\t<\/div>\n\t\t<\/section>\n\t\t\t\t<section class=\"elementor-section elementor-top-section elementor-element elementor-element-4587b85d elementor-section-content-middle elementor-reverse-mobile elementor-section-boxed elementor-section-height-default elementor-section-height-default\" data-id=\"4587b85d\" data-element_type=\"section\" data-settings=\"{&quot;background_background&quot;:&quot;classic&quot;}\">\n\t\t\t\t\t\t<div class=\"elementor-container elementor-column-gap-no\">\n\t\t\t\t\t<div class=\"elementor-column elementor-col-50 elementor-top-column elementor-element elementor-element-589c4575\" data-id=\"589c4575\" data-element_type=\"column\" data-settings=\"{&quot;background_background&quot;:&quot;classic&quot;}\">\n\t\t\t<div class=\"elementor-widget-wrap elementor-element-populated\">\n\t\t\t\t\t\t<div class=\"elementor-element elementor-element-34d0b118 elementor-view-default elementor-widget elementor-widget-icon\" data-id=\"34d0b118\" data-element_type=\"widget\" data-widget_type=\"icon.default\">\n\t\t\t\t<div class=\"elementor-widget-container\">\n\t\t\t\t\t\t\t<div class=\"elementor-icon-wrapper\">\n\t\t\t<div class=\"elementor-icon\">\n\t\t\t\t\t\t\t<i class=\"fa fa-fort-awesome\" aria-hidden=\"true\"><\/i>\n\t\t\t\t\t\t<\/div>\n\t\t<\/div>\n\t\t\t\t\t\t<\/div>\n\t\t\t\t<\/div>\n\t\t\t\t<div class=\"elementor-element elementor-element-7afac1f elementor-view-default elementor-widget elementor-widget-icon\" data-id=\"7afac1f\" data-element_type=\"widget\" data-widget_type=\"icon.default\">\n\t\t\t\t<div class=\"elementor-widget-container\">\n\t\t\t\t\t\t\t<div class=\"elementor-icon-wrapper\">\n\t\t\t<div class=\"elementor-icon\">\n\t\t\t<i aria-hidden=\"true\" class=\"fas fa-lock\"><\/i>\t\t\t<\/div>\n\t\t<\/div>\n\t\t\t\t\t\t<\/div>\n\t\t\t\t<\/div>\n\t\t\t\t<div class=\"elementor-element elementor-element-26faaa8c elementor-widget elementor-widget-heading\" data-id=\"26faaa8c\" data-element_type=\"widget\" data-widget_type=\"heading.default\">\n\t\t\t\t<div class=\"elementor-widget-container\">\n\t\t\t\t\t<h2 class=\"elementor-heading-title elementor-size-large\">Optima concept : votre interlocuteur 100% reconnu.<\/h2>\t\t\t\t<\/div>\n\t\t\t\t<\/div>\n\t\t\t\t<div class=\"elementor-element elementor-element-c05d78a elementor-widget elementor-widget-text-editor\" data-id=\"c05d78a\" data-element_type=\"widget\" data-widget_type=\"text-editor.default\">\n\t\t\t\t<div class=\"elementor-widget-container\">\n\t\t\t\t\t\t\t\t\t<p><span style=\"font-weight: 400;\">Qu\u2019est ce qu \u2018un GIP ? <\/span><span style=\"font-weight: 400;\">\u00a0une structure l\u00e9gale permettant \u00e0 des acteurs publics et priv\u00e9s de mettre en commun des moyens financiers et\/ou op\u00e9rationnels afin de r\u00e9pondre \u00e0 une mission d\u2019int\u00e9r\u00eat g\u00e9n\u00e9ral.\u00a0<\/span><\/p><p><b>3 axes cl\u00e9s guident nos actions <\/b><span style=\"font-weight: 400;\">:\u00a0<\/span><\/p><ul><li><em><span style=\"font-weight: 400;\">Assister les victimes d\u2019actes de cybermalveillance<\/span><\/em><\/li><li><em><span style=\"font-weight: 400;\">Informer et sensibiliser sur la s\u00e9curit\u00e9 num\u00e9rique<\/span><\/em><\/li><li><em><span style=\"font-weight: 400;\">Observer et anticiper le risque num\u00e9rique<\/span><\/em><\/li><\/ul><p><span style=\"font-weight: 400;\">Le label Cyber expert atteste d\u2019un certain niveau de comp\u00e9tences techniques, de bonnes pratiques et de transparence dans l\u2019accompagnement des victimes. Pour information les grands tendances de la cyber malveillance en 2020 ont \u00e9t\u00e9 <\/span><span style=\"font-weight: 400;\">\u00a0<\/span><span style=\"font-weight: 400;\">les ran\u00e7ongiciels respectivement 19%, suivi du pirate informatique (16 % et 13%) et du piratage de compte.<\/span><\/p><p><span style=\"font-weight: 400;\">Toutes les infos sont sur <\/span><a href=\"https:\/\/www.cybermalveillance.gouv.fr\/\"><span style=\"font-weight: 400;\">https:\/\/www.cybermalveillance.gouv.fr\/<\/span><\/a><\/p><p><span style=\"font-weight: 400;\">T\u00e9l\u00e9chargez le rapport d\u2019activit\u00e9 2020 : Rapport-activite-cybermalveillancegouvfr-2020<\/span><\/p>\t\t\t\t\t\t\t\t<\/div>\n\t\t\t\t<\/div>\n\t\t\t\t<div class=\"elementor-element elementor-element-8a47c9f elementor-align-center elementor-widget elementor-widget-button\" data-id=\"8a47c9f\" data-element_type=\"widget\" data-widget_type=\"button.default\">\n\t\t\t\t<div class=\"elementor-widget-container\">\n\t\t\t\t\t\t\t\t\t<div class=\"elementor-button-wrapper\">\n\t\t\t\t\t<a class=\"elementor-button elementor-button-link elementor-size-sm\" href=\"http:\/\/optimaconcept.terredocreproduction.fr\/#contact-1\">\n\t\t\t\t\t\t<span class=\"elementor-button-content-wrapper\">\n\t\t\t\t\t\t\t\t\t<span class=\"elementor-button-text\">Demander un RDV<\/span>\n\t\t\t\t\t<\/span>\n\t\t\t\t\t<\/a>\n\t\t\t\t<\/div>\n\t\t\t\t\t\t\t\t<\/div>\n\t\t\t\t<\/div>\n\t\t\t\t\t<\/div>\n\t\t<\/div>\n\t\t\t\t<div class=\"elementor-column elementor-col-50 elementor-top-column elementor-element elementor-element-366e57a3\" data-id=\"366e57a3\" data-element_type=\"column\">\n\t\t\t<div class=\"elementor-widget-wrap elementor-element-populated\">\n\t\t\t\t\t\t<div class=\"elementor-element elementor-element-109fa3af elementor-widget elementor-widget-image\" data-id=\"109fa3af\" data-element_type=\"widget\" data-widget_type=\"image.default\">\n\t\t\t\t<div class=\"elementor-widget-container\">\n\t\t\t\t\t\t\t\t\t\t\t\t\t\t\t<img decoding=\"async\" width=\"626\" height=\"375\" src=\"https:\/\/optimaconcept.fr\/wp-content\/uploads\/2021\/06\/datacenter-incendie-ovh.jpeg\" class=\"attachment-large size-large wp-image-126\" alt=\"securite cloud ovh\" srcset=\"https:\/\/optimaconcept.fr\/wp-content\/uploads\/2021\/06\/datacenter-incendie-ovh.jpeg 626w, https:\/\/optimaconcept.fr\/wp-content\/uploads\/2021\/06\/datacenter-incendie-ovh-300x180.jpeg 300w\" sizes=\"(max-width: 626px) 100vw, 626px\" \/>\t\t\t\t\t\t\t\t\t\t\t\t\t\t\t<\/div>\n\t\t\t\t<\/div>\n\t\t\t\t\t<\/div>\n\t\t<\/div>\n\t\t\t\t\t<\/div>\n\t\t<\/section>\n\t\t\t\t<section class=\"elementor-section elementor-top-section elementor-element elementor-element-5ba5295 elementor-section-content-middle elementor-section-boxed elementor-section-height-default elementor-section-height-default\" data-id=\"5ba5295\" data-element_type=\"section\" data-settings=\"{&quot;background_background&quot;:&quot;classic&quot;}\">\n\t\t\t\t\t\t<div class=\"elementor-container elementor-column-gap-no\">\n\t\t\t\t\t<div class=\"elementor-column elementor-col-50 elementor-top-column elementor-element elementor-element-e26e179\" data-id=\"e26e179\" data-element_type=\"column\">\n\t\t\t<div class=\"elementor-widget-wrap elementor-element-populated\">\n\t\t\t\t\t\t<div class=\"elementor-element elementor-element-60c84a2 elementor-widget elementor-widget-image\" data-id=\"60c84a2\" data-element_type=\"widget\" data-widget_type=\"image.default\">\n\t\t\t\t<div class=\"elementor-widget-container\">\n\t\t\t\t\t\t\t\t\t\t\t\t\t\t\t<img fetchpriority=\"high\" decoding=\"async\" width=\"570\" height=\"498\" src=\"https:\/\/optimaconcept.fr\/wp-content\/uploads\/2021\/06\/study-box_1.jpg\" class=\"attachment-large size-large wp-image-204\" alt=\"\" srcset=\"https:\/\/optimaconcept.fr\/wp-content\/uploads\/2021\/06\/study-box_1.jpg 570w, https:\/\/optimaconcept.fr\/wp-content\/uploads\/2021\/06\/study-box_1-300x262.jpg 300w\" sizes=\"(max-width: 570px) 100vw, 570px\" \/>\t\t\t\t\t\t\t\t\t\t\t\t\t\t\t<\/div>\n\t\t\t\t<\/div>\n\t\t\t\t\t<\/div>\n\t\t<\/div>\n\t\t\t\t<div class=\"elementor-column elementor-col-50 elementor-top-column elementor-element elementor-element-f718c6e\" data-id=\"f718c6e\" data-element_type=\"column\" data-settings=\"{&quot;background_background&quot;:&quot;classic&quot;}\">\n\t\t\t<div class=\"elementor-widget-wrap elementor-element-populated\">\n\t\t\t\t\t\t<div class=\"elementor-element elementor-element-d65e0f9 elementor-view-default elementor-widget elementor-widget-icon\" data-id=\"d65e0f9\" data-element_type=\"widget\" data-widget_type=\"icon.default\">\n\t\t\t\t<div class=\"elementor-widget-container\">\n\t\t\t\t\t\t\t<div class=\"elementor-icon-wrapper\">\n\t\t\t<div class=\"elementor-icon\">\n\t\t\t<i aria-hidden=\"true\" class=\"fas fa-compress-arrows-alt\"><\/i>\t\t\t<\/div>\n\t\t<\/div>\n\t\t\t\t\t\t<\/div>\n\t\t\t\t<\/div>\n\t\t\t\t<div class=\"elementor-element elementor-element-dc2235f elementor-widget elementor-widget-heading\" data-id=\"dc2235f\" data-element_type=\"widget\" data-widget_type=\"heading.default\">\n\t\t\t\t<div class=\"elementor-widget-container\">\n\t\t\t\t\t<h2 class=\"elementor-heading-title elementor-size-large\">Assistance et pr\u00e9vention du risque num\u00e9rique <\/h2>\t\t\t\t<\/div>\n\t\t\t\t<\/div>\n\t\t\t\t<div class=\"elementor-element elementor-element-2080425 elementor-widget elementor-widget-text-editor\" data-id=\"2080425\" data-element_type=\"widget\" data-widget_type=\"text-editor.default\">\n\t\t\t\t<div class=\"elementor-widget-container\">\n\t\t\t\t\t\t\t\t\t<p><span style=\"font-weight: 400;\">Nos missions sont d\u2019assister les entreprises<\/span><b>,<\/b> <span style=\"font-weight: 400;\">les associations, les collectivit\u00e9s\u00a0 les administrations en conseils de pr\u00e9vention, mise en place de bonnes pratiques et en installation de mesures pr\u00e9ventives<\/span><\/p><p><span style=\"font-weight: 400;\">Nous intervenons \u00e9galement en situation de crise av\u00e9r\u00e9e et assurons des services de <\/span><span style=\"font-weight: 400;\">diagnostic<\/span><span style=\"font-weight: 400;\"> pour mettre en \u0153uvre les mesures correctives appropri\u00e9es.<\/span><\/p>\t\t\t\t\t\t\t\t<\/div>\n\t\t\t\t<\/div>\n\t\t\t\t<div class=\"elementor-element elementor-element-b095f5b elementor-align-center elementor-widget elementor-widget-button\" data-id=\"b095f5b\" data-element_type=\"widget\" data-widget_type=\"button.default\">\n\t\t\t\t<div class=\"elementor-widget-container\">\n\t\t\t\t\t\t\t\t\t<div class=\"elementor-button-wrapper\">\n\t\t\t\t\t<a class=\"elementor-button elementor-button-link elementor-size-sm\" href=\"http:\/\/optimaconcept.terredocreproduction.fr\/#contact-1\">\n\t\t\t\t\t\t<span class=\"elementor-button-content-wrapper\">\n\t\t\t\t\t\t\t\t\t<span class=\"elementor-button-text\">Demander un RDV<\/span>\n\t\t\t\t\t<\/span>\n\t\t\t\t\t<\/a>\n\t\t\t\t<\/div>\n\t\t\t\t\t\t\t\t<\/div>\n\t\t\t\t<\/div>\n\t\t\t\t\t<\/div>\n\t\t<\/div>\n\t\t\t\t\t<\/div>\n\t\t<\/section>\n\t\t\t\t<section class=\"elementor-section elementor-top-section elementor-element elementor-element-5fe4382 elementor-section-boxed elementor-section-height-default elementor-section-height-default\" data-id=\"5fe4382\" data-element_type=\"section\">\n\t\t\t\t\t\t<div class=\"elementor-container elementor-column-gap-default\">\n\t\t\t\t\t<div class=\"elementor-column elementor-col-100 elementor-top-column elementor-element elementor-element-51a9368\" data-id=\"51a9368\" data-element_type=\"column\">\n\t\t\t<div class=\"elementor-widget-wrap elementor-element-populated\">\n\t\t\t\t\t\t<div class=\"elementor-element elementor-element-fbbe6bd elementor-widget elementor-widget-text-editor\" data-id=\"fbbe6bd\" data-element_type=\"widget\" data-widget_type=\"text-editor.default\">\n\t\t\t\t<div class=\"elementor-widget-container\">\n\t\t\t\t\t\t\t\t\t<p><span style=\"font-weight: 400;\">Qu\u2019est ce qu\u2019une cyber malveillance ? L\u2019intrusion non autoris\u00e9e d\u2019un tiers dans votre syst\u00e8me informatique qu\u2019il s\u2019agisse d\u2019un ordinateur, appareil mobile, objet connect\u00e9,\u00a0 serveur ou le r\u00e9seau de votre entreprise ou administration.<\/span><\/p><p><span style=\"font-weight: 400;\">Le plus souvent les causes de cyber malveillance se situent entre la chaise et le support informatique : l\u2019utilisateur qui commet une n\u00e9gligence, m\u00e9conna\u00eet les r\u00e8gles de base de s\u00e9curit\u00e9 ou agit intentionnellement<\/span><\/p><p><b>Les m\u00e9thodes d\u2019effraction sont multiples :<\/b><\/p><ul><li><span style=\"font-weight: 400;\">utilisation d\u2019une faille de s\u00e9curit\u00e9\u00a0<\/span><\/li><li><span style=\"font-weight: 400;\">mauvaise configuration d\u2019un logiciel ou d\u2019un \u00e9quipement\u00a0<\/span><\/li><li><span style=\"font-weight: 400;\">infection par un logiciel malveillant (<\/span><span style=\"font-weight: 400;\">virus informatiques<\/span><span style=\"font-weight: 400;\">)\u00a0<\/span><\/li><li><span style=\"font-weight: 400;\">r\u00e9cup\u00e9ration d\u2019identifiants de connexion par le biais d\u2019un appel ou d\u2019un -message frauduleux (<\/span><span style=\"font-weight: 400;\">hame\u00e7onnage<\/span><span style=\"font-weight: 400;\">)pour les plus connues<\/span><\/li><li><span style=\"font-weight: 400;\">collaborateur m\u00e9content ou n\u00e9gligeant ou bien encore un prestataire<\/span><\/li><\/ul><p><span style=\"font-weight: 400;\">Le piratage d\u2019un syst\u00e8me informatique peut donc \u00eatre d\u2019une grande gravit\u00e9 pour l\u2019organisation qui en est victime puisqu\u2019elle peut entra\u00eener le vol, voire la perte totale, des informations du syst\u00e8me touch\u00e9. Ou provoquer un arr\u00eat de production contre ran\u00e7on.<\/span><\/p>\t\t\t\t\t\t\t\t<\/div>\n\t\t\t\t<\/div>\n\t\t\t\t<div class=\"elementor-element elementor-element-5e519ac elementor-align-center elementor-widget elementor-widget-button\" data-id=\"5e519ac\" data-element_type=\"widget\" data-widget_type=\"button.default\">\n\t\t\t\t<div class=\"elementor-widget-container\">\n\t\t\t\t\t\t\t\t\t<div class=\"elementor-button-wrapper\">\n\t\t\t\t\t<a class=\"elementor-button elementor-button-link elementor-size-sm\" href=\"http:\/\/optimaconcept.terredocreproduction.fr\/#contact-1\">\n\t\t\t\t\t\t<span class=\"elementor-button-content-wrapper\">\n\t\t\t\t\t\t\t\t\t<span class=\"elementor-button-text\">Demander un RDV<\/span>\n\t\t\t\t\t<\/span>\n\t\t\t\t\t<\/a>\n\t\t\t\t<\/div>\n\t\t\t\t\t\t\t\t<\/div>\n\t\t\t\t<\/div>\n\t\t\t\t\t<\/div>\n\t\t<\/div>\n\t\t\t\t\t<\/div>\n\t\t<\/section>\n\t\t\t\t<\/div>\n\t\t","protected":false},"excerpt":{"rendered":"<p>+ de 97% de risque ! 97% des soci\u00e9t\u00e9s, ne sont pas \u00e9quip\u00e9s contre les risques de cyber malveillance et Cybercriminalit\u00e9. Optima concept est un professionnel r\u00e9f\u00e9renc\u00e9 des instances gouvernementales de lutte contre la cybermalveillance. Demander une D\u00e9mo des solutions anti- cybercriminalit\u00e9 une r\u00e9f\u00e9rence authentifi\u00e9e Les services de s\u00e9curit\u00e9 informatique d\u2019Optima Concept sont reconnus par&hellip; <br \/> <a class=\"read-more\" href=\"https:\/\/optimaconcept.fr\/index.php\/securite-it\/\">Lire la suite<\/a><\/p>\n","protected":false},"author":1,"featured_media":303,"parent":0,"menu_order":0,"comment_status":"closed","ping_status":"closed","template":"","meta":{"footnotes":""},"class_list":["post-13","page","type-page","status-publish","has-post-thumbnail","hentry"],"_links":{"self":[{"href":"https:\/\/optimaconcept.fr\/index.php\/wp-json\/wp\/v2\/pages\/13","targetHints":{"allow":["GET"]}}],"collection":[{"href":"https:\/\/optimaconcept.fr\/index.php\/wp-json\/wp\/v2\/pages"}],"about":[{"href":"https:\/\/optimaconcept.fr\/index.php\/wp-json\/wp\/v2\/types\/page"}],"author":[{"embeddable":true,"href":"https:\/\/optimaconcept.fr\/index.php\/wp-json\/wp\/v2\/users\/1"}],"replies":[{"embeddable":true,"href":"https:\/\/optimaconcept.fr\/index.php\/wp-json\/wp\/v2\/comments?post=13"}],"version-history":[{"count":58,"href":"https:\/\/optimaconcept.fr\/index.php\/wp-json\/wp\/v2\/pages\/13\/revisions"}],"predecessor-version":[{"id":677,"href":"https:\/\/optimaconcept.fr\/index.php\/wp-json\/wp\/v2\/pages\/13\/revisions\/677"}],"wp:featuredmedia":[{"embeddable":true,"href":"https:\/\/optimaconcept.fr\/index.php\/wp-json\/wp\/v2\/media\/303"}],"wp:attachment":[{"href":"https:\/\/optimaconcept.fr\/index.php\/wp-json\/wp\/v2\/media?parent=13"}],"curies":[{"name":"wp","href":"https:\/\/api.w.org\/{rel}","templated":true}]}}