{"id":370,"date":"2021-08-23T12:56:58","date_gmt":"2021-08-23T10:56:58","guid":{"rendered":"https:\/\/optimaconcept.fr\/?page_id=370"},"modified":"2023-04-14T11:33:00","modified_gmt":"2023-04-14T09:33:00","slug":"ebp","status":"publish","type":"page","link":"https:\/\/optimaconcept.fr\/index.php\/ebp\/","title":{"rendered":"EBP"},"content":{"rendered":"\t\t<div data-elementor-type=\"wp-page\" data-elementor-id=\"370\" class=\"elementor elementor-370\">\n\t\t\t\t\t\t<section class=\"elementor-section elementor-top-section elementor-element elementor-element-6bb9c673 elementor-section-content-middle elementor-section-boxed elementor-section-height-default elementor-section-height-default\" data-id=\"6bb9c673\" data-element_type=\"section\">\n\t\t\t\t\t\t<div class=\"elementor-container elementor-column-gap-default\">\n\t\t\t\t\t<div class=\"elementor-column elementor-col-50 elementor-top-column elementor-element elementor-element-721ab38c\" data-id=\"721ab38c\" data-element_type=\"column\">\n\t\t\t<div class=\"elementor-widget-wrap elementor-element-populated\">\n\t\t\t\t\t\t<div class=\"elementor-element elementor-element-279a414e elementor-widget elementor-widget-heading\" data-id=\"279a414e\" data-element_type=\"widget\" data-widget_type=\"heading.default\">\n\t\t\t\t<div class=\"elementor-widget-container\">\n\t\t\t\t\t<h2 class=\"elementor-heading-title elementor-size-default\">Logiciel de gestion d'entreprise EBP<\/h2>\t\t\t\t<\/div>\n\t\t\t\t<\/div>\n\t\t\t\t<div class=\"elementor-element elementor-element-7a046b7f elementor-widget elementor-widget-text-editor\" data-id=\"7a046b7f\" data-element_type=\"widget\" data-widget_type=\"text-editor.default\">\n\t\t\t\t<div class=\"elementor-widget-container\">\n\t\t\t\t\t\t\t\t\t<p>Nos consultants sont r\u00e9guli\u00e8rement form\u00e9s par EBP. Nous disposons d\u2019un service de Hotline interne vous assurant ainsi un service personnalis\u00e9 et r\u00e9actif.\u00a0<\/p><p>Notre domaine de comp\u00e9tence dans les logiciels EBP :<\/p><ul><li>Gestion commerciale<\/li><li>Comptabilit\u00e9<\/li><li>B\u00e2timent<\/li><\/ul>\t\t\t\t\t\t\t\t<\/div>\n\t\t\t\t<\/div>\n\t\t\t\t<div class=\"elementor-element elementor-element-b35f2e7 elementor-align-left elementor-widget elementor-widget-button\" data-id=\"b35f2e7\" data-element_type=\"widget\" data-widget_type=\"button.default\">\n\t\t\t\t<div class=\"elementor-widget-container\">\n\t\t\t\t\t\t\t\t\t<div class=\"elementor-button-wrapper\">\n\t\t\t\t\t<a class=\"elementor-button elementor-button-link elementor-size-md\" href=\"http:\/\/optimaconcept.terredocreproduction.fr\/#contact-1\">\n\t\t\t\t\t\t<span class=\"elementor-button-content-wrapper\">\n\t\t\t\t\t\t<span class=\"elementor-button-icon\">\n\t\t\t\t<i aria-hidden=\"true\" class=\"fas fa-long-arrow-alt-right\"><\/i>\t\t\t<\/span>\n\t\t\t\t\t\t\t\t\t<span class=\"elementor-button-text\">Contactez-nous<\/span>\n\t\t\t\t\t<\/span>\n\t\t\t\t\t<\/a>\n\t\t\t\t<\/div>\n\t\t\t\t\t\t\t\t<\/div>\n\t\t\t\t<\/div>\n\t\t\t\t\t<\/div>\n\t\t<\/div>\n\t\t\t\t<div class=\"elementor-column elementor-col-50 elementor-top-column elementor-element elementor-element-1a46f63\" data-id=\"1a46f63\" data-element_type=\"column\">\n\t\t\t<div class=\"elementor-widget-wrap elementor-element-populated\">\n\t\t\t\t\t\t<div class=\"elementor-element elementor-element-4c75aef5 elementor-widget elementor-widget-image\" data-id=\"4c75aef5\" data-element_type=\"widget\" data-widget_type=\"image.default\">\n\t\t\t\t<div class=\"elementor-widget-container\">\n\t\t\t\t\t\t\t\t\t\t\t\t\t\t\t<img fetchpriority=\"high\" decoding=\"async\" width=\"1024\" height=\"682\" src=\"https:\/\/optimaconcept.fr\/wp-content\/uploads\/2021\/08\/ebp-logiciel-gamme-comptabilite-budget-172383570-e1621498985779-1024x682.jpeg\" class=\"attachment-large size-large wp-image-378\" alt=\"ebp-banniere-logiciel-gamme-comptabilite-budget\" srcset=\"https:\/\/optimaconcept.fr\/wp-content\/uploads\/2021\/08\/ebp-logiciel-gamme-comptabilite-budget-172383570-e1621498985779-1024x682.jpeg 1024w, https:\/\/optimaconcept.fr\/wp-content\/uploads\/2021\/08\/ebp-logiciel-gamme-comptabilite-budget-172383570-e1621498985779-300x200.jpeg 300w, https:\/\/optimaconcept.fr\/wp-content\/uploads\/2021\/08\/ebp-logiciel-gamme-comptabilite-budget-172383570-e1621498985779-768x512.jpeg 768w, https:\/\/optimaconcept.fr\/wp-content\/uploads\/2021\/08\/ebp-logiciel-gamme-comptabilite-budget-172383570-e1621498985779-1536x1023.jpeg 1536w, https:\/\/optimaconcept.fr\/wp-content\/uploads\/2021\/08\/ebp-logiciel-gamme-comptabilite-budget-172383570-e1621498985779-1621x1080.jpeg 1621w, https:\/\/optimaconcept.fr\/wp-content\/uploads\/2021\/08\/ebp-logiciel-gamme-comptabilite-budget-172383570-e1621498985779.jpeg 1920w\" sizes=\"(max-width: 1024px) 100vw, 1024px\" \/>\t\t\t\t\t\t\t\t\t\t\t\t\t\t\t<\/div>\n\t\t\t\t<\/div>\n\t\t\t\t\t<\/div>\n\t\t<\/div>\n\t\t\t\t\t<\/div>\n\t\t<\/section>\n\t\t\t\t<section class=\"elementor-section elementor-top-section elementor-element elementor-element-903ba2e elementor-section-boxed elementor-section-height-default elementor-section-height-default\" data-id=\"903ba2e\" data-element_type=\"section\">\n\t\t\t\t\t\t<div class=\"elementor-container elementor-column-gap-default\">\n\t\t\t\t\t<div class=\"elementor-column elementor-col-50 elementor-top-column elementor-element elementor-element-4f039fa3\" data-id=\"4f039fa3\" data-element_type=\"column\">\n\t\t\t<div class=\"elementor-widget-wrap elementor-element-populated\">\n\t\t\t\t\t\t<div class=\"elementor-element elementor-element-6e119b32 elementor-widget elementor-widget-image\" data-id=\"6e119b32\" data-element_type=\"widget\" data-widget_type=\"image.default\">\n\t\t\t\t<div class=\"elementor-widget-container\">\n\t\t\t\t\t\t\t\t\t\t\t\t\t\t\t<img fetchpriority=\"high\" decoding=\"async\" width=\"1024\" height=\"682\" src=\"https:\/\/optimaconcept.fr\/wp-content\/uploads\/2021\/08\/ebp-logiciel-gamme-comptabilite-budget-172383570-e1621498985779-1024x682.jpeg\" class=\"attachment-large size-large wp-image-378\" alt=\"ebp-banniere-logiciel-gamme-comptabilite-budget\" srcset=\"https:\/\/optimaconcept.fr\/wp-content\/uploads\/2021\/08\/ebp-logiciel-gamme-comptabilite-budget-172383570-e1621498985779-1024x682.jpeg 1024w, https:\/\/optimaconcept.fr\/wp-content\/uploads\/2021\/08\/ebp-logiciel-gamme-comptabilite-budget-172383570-e1621498985779-300x200.jpeg 300w, https:\/\/optimaconcept.fr\/wp-content\/uploads\/2021\/08\/ebp-logiciel-gamme-comptabilite-budget-172383570-e1621498985779-768x512.jpeg 768w, https:\/\/optimaconcept.fr\/wp-content\/uploads\/2021\/08\/ebp-logiciel-gamme-comptabilite-budget-172383570-e1621498985779-1536x1023.jpeg 1536w, https:\/\/optimaconcept.fr\/wp-content\/uploads\/2021\/08\/ebp-logiciel-gamme-comptabilite-budget-172383570-e1621498985779-1621x1080.jpeg 1621w, https:\/\/optimaconcept.fr\/wp-content\/uploads\/2021\/08\/ebp-logiciel-gamme-comptabilite-budget-172383570-e1621498985779.jpeg 1920w\" sizes=\"(max-width: 1024px) 100vw, 1024px\" \/>\t\t\t\t\t\t\t\t\t\t\t\t\t\t\t<\/div>\n\t\t\t\t<\/div>\n\t\t\t\t\t<\/div>\n\t\t<\/div>\n\t\t\t\t<div class=\"elementor-column elementor-col-50 elementor-top-column elementor-element elementor-element-3faac51e\" data-id=\"3faac51e\" data-element_type=\"column\">\n\t\t\t<div class=\"elementor-widget-wrap elementor-element-populated\">\n\t\t\t\t\t\t<div class=\"elementor-element elementor-element-3b98f620 elementor-widget elementor-widget-heading\" data-id=\"3b98f620\" data-element_type=\"widget\" data-widget_type=\"heading.default\">\n\t\t\t\t<div class=\"elementor-widget-container\">\n\t\t\t\t\t<h2 class=\"elementor-heading-title elementor-size-default\">D\u00e9ploiement. &amp; Formation logiciel EBP<\/h2>\t\t\t\t<\/div>\n\t\t\t\t<\/div>\n\t\t\t\t<div class=\"elementor-element elementor-element-241d0b95 elementor-widget elementor-widget-text-editor\" data-id=\"241d0b95\" data-element_type=\"widget\" data-widget_type=\"text-editor.default\">\n\t\t\t\t<div class=\"elementor-widget-container\">\n\t\t\t\t\t\t\t\t\t<p>EBP, l\u2019expert des solutions de gestion depuis plus de 35 ans<\/p><p>Anim\u00e9 par la volont\u00e9 de d\u00e9mocratiser l\u2019informatisation des entreprises, EBP a profond\u00e9ment marqu\u00e9 la construction du march\u00e9 des \u00e9diteurs de solutions. Peu abordable il y a 35 ans, il est le premier \u00e9diteur \u00e0 proposer des solutions accessibles aux TPE\/PME fran\u00e7aises. Aujourd\u2019hui il est devenu un v\u00e9ritable partenaire au service des entreprises avec une gamme unique de logiciels puissants et personnalisables.<\/p>\t\t\t\t\t\t\t\t<\/div>\n\t\t\t\t<\/div>\n\t\t\t\t\t<\/div>\n\t\t<\/div>\n\t\t\t\t\t<\/div>\n\t\t<\/section>\n\t\t\t\t<section class=\"elementor-section elementor-top-section elementor-element elementor-element-6167c37 elementor-section-boxed elementor-section-height-default elementor-section-height-default\" data-id=\"6167c37\" data-element_type=\"section\">\n\t\t\t\t\t\t<div class=\"elementor-container elementor-column-gap-default\">\n\t\t\t\t\t<div class=\"elementor-column elementor-col-100 elementor-top-column elementor-element elementor-element-c3ed248\" data-id=\"c3ed248\" data-element_type=\"column\">\n\t\t\t<div class=\"elementor-widget-wrap elementor-element-populated\">\n\t\t\t\t\t\t<div class=\"elementor-element elementor-element-6ad5f99 elementor-widget-divider--view-line elementor-widget elementor-widget-divider\" data-id=\"6ad5f99\" data-element_type=\"widget\" data-widget_type=\"divider.default\">\n\t\t\t\t<div class=\"elementor-widget-container\">\n\t\t\t\t\t\t\t<div class=\"elementor-divider\">\n\t\t\t<span class=\"elementor-divider-separator\">\n\t\t\t\t\t\t<\/span>\n\t\t<\/div>\n\t\t\t\t\t\t<\/div>\n\t\t\t\t<\/div>\n\t\t\t\t\t<\/div>\n\t\t<\/div>\n\t\t\t\t\t<\/div>\n\t\t<\/section>\n\t\t\t\t<section class=\"elementor-section elementor-top-section elementor-element elementor-element-f7f8604 elementor-section-boxed elementor-section-height-default elementor-section-height-default\" data-id=\"f7f8604\" data-element_type=\"section\">\n\t\t\t\t\t\t<div class=\"elementor-container elementor-column-gap-default\">\n\t\t\t\t\t<div class=\"elementor-column elementor-col-100 elementor-top-column elementor-element elementor-element-7672bd3\" data-id=\"7672bd3\" data-element_type=\"column\">\n\t\t\t<div class=\"elementor-widget-wrap elementor-element-populated\">\n\t\t\t\t\t\t<div class=\"elementor-element elementor-element-53e0939 elementor-align-center elementor-widget elementor-widget-button\" data-id=\"53e0939\" data-element_type=\"widget\" data-widget_type=\"button.default\">\n\t\t\t\t<div class=\"elementor-widget-container\">\n\t\t\t\t\t\t\t\t\t<div class=\"elementor-button-wrapper\">\n\t\t\t\t\t<a class=\"elementor-button elementor-button-link elementor-size-md\" href=\"http:\/\/optimaconcept.terredocreproduction.fr\/#contact-1\">\n\t\t\t\t\t\t<span class=\"elementor-button-content-wrapper\">\n\t\t\t\t\t\t<span class=\"elementor-button-icon\">\n\t\t\t\t<i aria-hidden=\"true\" class=\"fas fa-long-arrow-alt-right\"><\/i>\t\t\t<\/span>\n\t\t\t\t\t\t\t\t\t<span class=\"elementor-button-text\">demander un renseignement<\/span>\n\t\t\t\t\t<\/span>\n\t\t\t\t\t<\/a>\n\t\t\t\t<\/div>\n\t\t\t\t\t\t\t\t<\/div>\n\t\t\t\t<\/div>\n\t\t\t\t\t<\/div>\n\t\t<\/div>\n\t\t\t\t\t<\/div>\n\t\t<\/section>\n\t\t\t\t<\/div>\n\t\t","protected":false},"excerpt":{"rendered":"<p>Logiciel de gestion d&rsquo;entreprise EBP Nos consultants sont r\u00e9guli\u00e8rement form\u00e9s par EBP. Nous disposons d\u2019un service de Hotline interne vous assurant ainsi un service personnalis\u00e9 et r\u00e9actif.\u00a0 Notre domaine de comp\u00e9tence dans les logiciels EBP : Gestion commerciale Comptabilit\u00e9 B\u00e2timent Contactez-nous D\u00e9ploiement. &amp; Formation logiciel EBP EBP, l\u2019expert des solutions de gestion depuis plus de&hellip; <br \/> <a class=\"read-more\" href=\"https:\/\/optimaconcept.fr\/index.php\/ebp\/\">Lire la suite<\/a><\/p>\n","protected":false},"author":1,"featured_media":380,"parent":0,"menu_order":0,"comment_status":"closed","ping_status":"closed","template":"","meta":{"footnotes":""},"class_list":["post-370","page","type-page","status-publish","has-post-thumbnail","hentry"],"_links":{"self":[{"href":"https:\/\/optimaconcept.fr\/index.php\/wp-json\/wp\/v2\/pages\/370","targetHints":{"allow":["GET"]}}],"collection":[{"href":"https:\/\/optimaconcept.fr\/index.php\/wp-json\/wp\/v2\/pages"}],"about":[{"href":"https:\/\/optimaconcept.fr\/index.php\/wp-json\/wp\/v2\/types\/page"}],"author":[{"embeddable":true,"href":"https:\/\/optimaconcept.fr\/index.php\/wp-json\/wp\/v2\/users\/1"}],"replies":[{"embeddable":true,"href":"https:\/\/optimaconcept.fr\/index.php\/wp-json\/wp\/v2\/comments?post=370"}],"version-history":[{"count":29,"href":"https:\/\/optimaconcept.fr\/index.php\/wp-json\/wp\/v2\/pages\/370\/revisions"}],"predecessor-version":[{"id":931,"href":"https:\/\/optimaconcept.fr\/index.php\/wp-json\/wp\/v2\/pages\/370\/revisions\/931"}],"wp:featuredmedia":[{"embeddable":true,"href":"https:\/\/optimaconcept.fr\/index.php\/wp-json\/wp\/v2\/media\/380"}],"wp:attachment":[{"href":"https:\/\/optimaconcept.fr\/index.php\/wp-json\/wp\/v2\/media?parent=370"}],"curies":[{"name":"wp","href":"https:\/\/api.w.org\/{rel}","templated":true}]}}