{"id":477,"date":"2021-08-27T12:20:30","date_gmt":"2021-08-27T10:20:30","guid":{"rendered":"https:\/\/optimaconcept.fr\/?page_id=477"},"modified":"2023-04-14T11:37:50","modified_gmt":"2023-04-14T09:37:50","slug":"silae-expert","status":"publish","type":"page","link":"https:\/\/optimaconcept.fr\/index.php\/silae-expert\/","title":{"rendered":"SilaExpert"},"content":{"rendered":"\t\t<div data-elementor-type=\"wp-page\" data-elementor-id=\"477\" class=\"elementor elementor-477\">\n\t\t\t\t\t\t<section class=\"elementor-section elementor-top-section elementor-element elementor-element-135859e elementor-section-boxed elementor-section-height-default elementor-section-height-default\" data-id=\"135859e\" data-element_type=\"section\">\n\t\t\t\t\t\t<div class=\"elementor-container elementor-column-gap-default\">\n\t\t\t\t\t\t<\/div>\n\t\t<\/section>\n\t\t\t\t<section class=\"elementor-section elementor-top-section elementor-element elementor-element-6dd25b29 elementor-section-full_width elementor-section-height-default elementor-section-height-default\" data-id=\"6dd25b29\" data-element_type=\"section\" data-settings=\"{&quot;background_background&quot;:&quot;gradient&quot;}\">\n\t\t\t\t\t\t\t<div class=\"elementor-background-overlay\"><\/div>\n\t\t\t\t\t\t\t<div class=\"elementor-container elementor-column-gap-extended\">\n\t\t\t\t\t<div class=\"elementor-column elementor-col-100 elementor-top-column elementor-element elementor-element-361d658\" data-id=\"361d658\" data-element_type=\"column\">\n\t\t\t<div class=\"elementor-widget-wrap elementor-element-populated\">\n\t\t\t\t\t\t<div class=\"elementor-element elementor-element-7ffcec3 elementor-widget elementor-widget-image\" data-id=\"7ffcec3\" data-element_type=\"widget\" data-widget_type=\"image.default\">\n\t\t\t\t<div class=\"elementor-widget-container\">\n\t\t\t\t\t\t\t\t\t\t\t\t\t\t\t<img decoding=\"async\" width=\"300\" height=\"88\" src=\"https:\/\/optimaconcept.fr\/wp-content\/uploads\/2021\/09\/silae-logiciel-Paie-rh-pas-cher-300x88.png\" class=\"attachment-medium size-medium wp-image-566\" alt=\"logiciel paie rh\" srcset=\"https:\/\/optimaconcept.fr\/wp-content\/uploads\/2021\/09\/silae-logiciel-Paie-rh-pas-cher-300x88.png 300w, https:\/\/optimaconcept.fr\/wp-content\/uploads\/2021\/09\/silae-logiciel-Paie-rh-pas-cher-1024x302.png 1024w, https:\/\/optimaconcept.fr\/wp-content\/uploads\/2021\/09\/silae-logiciel-Paie-rh-pas-cher-768x226.png 768w, https:\/\/optimaconcept.fr\/wp-content\/uploads\/2021\/09\/silae-logiciel-Paie-rh-pas-cher-1536x453.png 1536w, https:\/\/optimaconcept.fr\/wp-content\/uploads\/2021\/09\/silae-logiciel-Paie-rh-pas-cher-2048x604.png 2048w, https:\/\/optimaconcept.fr\/wp-content\/uploads\/2021\/09\/silae-logiciel-Paie-rh-pas-cher-1920x566.png 1920w\" sizes=\"(max-width: 300px) 100vw, 300px\" \/>\t\t\t\t\t\t\t\t\t\t\t\t\t\t\t<\/div>\n\t\t\t\t<\/div>\n\t\t\t\t<div class=\"elementor-element elementor-element-da94169 elementor-widget elementor-widget-heading\" data-id=\"da94169\" data-element_type=\"widget\" data-widget_type=\"heading.default\">\n\t\t\t\t<div class=\"elementor-widget-container\">\n\t\t\t\t\t<h2 class=\"elementor-heading-title elementor-size-large\">votre logiciel paie - RH<\/h2>\t\t\t\t<\/div>\n\t\t\t\t<\/div>\n\t\t\t\t<div class=\"elementor-element elementor-element-45031cf5 elementor-widget elementor-widget-spacer\" data-id=\"45031cf5\" data-element_type=\"widget\" data-widget_type=\"spacer.default\">\n\t\t\t\t<div class=\"elementor-widget-container\">\n\t\t\t\t\t\t\t<div class=\"elementor-spacer\">\n\t\t\t<div class=\"elementor-spacer-inner\"><\/div>\n\t\t<\/div>\n\t\t\t\t\t\t<\/div>\n\t\t\t\t<\/div>\n\t\t\t\t<div class=\"elementor-element elementor-element-c474d8a elementor-widget elementor-widget-heading\" data-id=\"c474d8a\" data-element_type=\"widget\" data-widget_type=\"heading.default\">\n\t\t\t\t<div class=\"elementor-widget-container\">\n\t\t\t\t\t<p class=\"elementor-heading-title elementor-size-large\">Le produit SilaExpert offre une solution compl\u00e8te, facilitant la r\u00e9alisation des paies et offrant une large palette d\u2019outils paie, bureautiques, comptables, de mission sociale\u2026<br>Optima, partenaire agr\u00e9\u00e9 SilaeExpert depuis 2017<\/p>\t\t\t\t<\/div>\n\t\t\t\t<\/div>\n\t\t\t\t<div class=\"elementor-element elementor-element-2352e359 elementor-widget elementor-widget-spacer\" data-id=\"2352e359\" data-element_type=\"widget\" data-widget_type=\"spacer.default\">\n\t\t\t\t<div class=\"elementor-widget-container\">\n\t\t\t\t\t\t\t<div class=\"elementor-spacer\">\n\t\t\t<div class=\"elementor-spacer-inner\"><\/div>\n\t\t<\/div>\n\t\t\t\t\t\t<\/div>\n\t\t\t\t<\/div>\n\t\t\t\t<div class=\"elementor-element elementor-element-574fcc52 elementor-align-center elementor-widget elementor-widget-button\" data-id=\"574fcc52\" data-element_type=\"widget\" data-widget_type=\"button.default\">\n\t\t\t\t<div class=\"elementor-widget-container\">\n\t\t\t\t\t\t\t\t\t<div class=\"elementor-button-wrapper\">\n\t\t\t\t\t<a class=\"elementor-button elementor-button-link elementor-size-lg\" href=\"#\">\n\t\t\t\t\t\t<span class=\"elementor-button-content-wrapper\">\n\t\t\t\t\t\t\t\t\t<span class=\"elementor-button-text\">Nous contacter ?<\/span>\n\t\t\t\t\t<\/span>\n\t\t\t\t\t<\/a>\n\t\t\t\t<\/div>\n\t\t\t\t\t\t\t\t<\/div>\n\t\t\t\t<\/div>\n\t\t\t\t\t<\/div>\n\t\t<\/div>\n\t\t\t\t\t<\/div>\n\t\t<\/section>\n\t\t\t\t<section class=\"elementor-section elementor-top-section elementor-element elementor-element-0689c22 elementor-section-boxed elementor-section-height-default elementor-section-height-default\" data-id=\"0689c22\" data-element_type=\"section\">\n\t\t\t\t\t\t<div class=\"elementor-container elementor-column-gap-default\">\n\t\t\t\t\t<div class=\"elementor-column elementor-col-100 elementor-top-column elementor-element elementor-element-236e492\" data-id=\"236e492\" data-element_type=\"column\">\n\t\t\t<div class=\"elementor-widget-wrap elementor-element-populated\">\n\t\t\t\t\t\t<div class=\"elementor-element elementor-element-30cf4b4 elementor-widget elementor-widget-image\" data-id=\"30cf4b4\" data-element_type=\"widget\" data-widget_type=\"image.default\">\n\t\t\t\t<div class=\"elementor-widget-container\">\n\t\t\t\t\t\t\t\t\t\t\t\t\t\t\t<img decoding=\"async\" width=\"300\" height=\"89\" src=\"https:\/\/optimaconcept.fr\/wp-content\/uploads\/2023\/03\/2023_top100_original-300x89.jpg\" class=\"attachment-medium size-medium wp-image-745\" alt=\"\" srcset=\"https:\/\/optimaconcept.fr\/wp-content\/uploads\/2023\/03\/2023_top100_original-300x89.jpg 300w, https:\/\/optimaconcept.fr\/wp-content\/uploads\/2023\/03\/2023_top100_original-768x227.jpg 768w, https:\/\/optimaconcept.fr\/wp-content\/uploads\/2023\/03\/2023_top100_original.jpg 830w\" sizes=\"(max-width: 300px) 100vw, 300px\" \/>\t\t\t\t\t\t\t\t\t\t\t\t\t\t\t<\/div>\n\t\t\t\t<\/div>\n\t\t\t\t\t<\/div>\n\t\t<\/div>\n\t\t\t\t\t<\/div>\n\t\t<\/section>\n\t\t\t\t<section class=\"elementor-section elementor-top-section elementor-element elementor-element-a31ae07 elementor-section-boxed elementor-section-height-default elementor-section-height-default\" data-id=\"a31ae07\" data-element_type=\"section\">\n\t\t\t\t\t\t<div class=\"elementor-container elementor-column-gap-default\">\n\t\t\t\t\t<div class=\"elementor-column elementor-col-100 elementor-top-column elementor-element elementor-element-4dcf1e5\" data-id=\"4dcf1e5\" data-element_type=\"column\">\n\t\t\t<div class=\"elementor-widget-wrap elementor-element-populated\">\n\t\t\t\t\t\t<section class=\"elementor-section elementor-inner-section elementor-element elementor-element-292dab8 elementor-section-boxed elementor-section-height-default elementor-section-height-default\" data-id=\"292dab8\" data-element_type=\"section\">\n\t\t\t\t\t\t<div class=\"elementor-container elementor-column-gap-default\">\n\t\t\t\t\t<div class=\"elementor-column elementor-col-50 elementor-inner-column elementor-element elementor-element-f8628b3\" data-id=\"f8628b3\" data-element_type=\"column\">\n\t\t\t<div class=\"elementor-widget-wrap elementor-element-populated\">\n\t\t\t\t\t\t<div class=\"elementor-element elementor-element-fe2c0ff elementor-widget elementor-widget-image\" data-id=\"fe2c0ff\" data-element_type=\"widget\" data-widget_type=\"image.default\">\n\t\t\t\t<div class=\"elementor-widget-container\">\n\t\t\t\t\t\t\t\t\t\t\t\t\t\t\t<img fetchpriority=\"high\" decoding=\"async\" width=\"1024\" height=\"568\" src=\"https:\/\/optimaconcept.fr\/wp-content\/uploads\/2021\/08\/screen-1-1024x568.png\" class=\"attachment-large size-large wp-image-498\" alt=\"ssilae tuto\" srcset=\"https:\/\/optimaconcept.fr\/wp-content\/uploads\/2021\/08\/screen-1-1024x568.png 1024w, https:\/\/optimaconcept.fr\/wp-content\/uploads\/2021\/08\/screen-1-300x166.png 300w, https:\/\/optimaconcept.fr\/wp-content\/uploads\/2021\/08\/screen-1-768x426.png 768w, https:\/\/optimaconcept.fr\/wp-content\/uploads\/2021\/08\/screen-1.png 1100w\" sizes=\"(max-width: 1024px) 100vw, 1024px\" \/>\t\t\t\t\t\t\t\t\t\t\t\t\t\t\t<\/div>\n\t\t\t\t<\/div>\n\t\t\t\t<div class=\"elementor-element elementor-element-926b3fa elementor-widget elementor-widget-image\" data-id=\"926b3fa\" data-element_type=\"widget\" data-widget_type=\"image.default\">\n\t\t\t\t<div class=\"elementor-widget-container\">\n\t\t\t\t\t\t\t\t\t\t\t\t\t\t\t<img loading=\"lazy\" decoding=\"async\" width=\"1024\" height=\"568\" src=\"https:\/\/optimaconcept.fr\/wp-content\/uploads\/2021\/08\/screen-2-1024x568.png\" class=\"attachment-large size-large wp-image-499\" alt=\"\" srcset=\"https:\/\/optimaconcept.fr\/wp-content\/uploads\/2021\/08\/screen-2-1024x568.png 1024w, https:\/\/optimaconcept.fr\/wp-content\/uploads\/2021\/08\/screen-2-300x166.png 300w, https:\/\/optimaconcept.fr\/wp-content\/uploads\/2021\/08\/screen-2-768x426.png 768w, https:\/\/optimaconcept.fr\/wp-content\/uploads\/2021\/08\/screen-2.png 1100w\" sizes=\"(max-width: 1024px) 100vw, 1024px\" \/>\t\t\t\t\t\t\t\t\t\t\t\t\t\t\t<\/div>\n\t\t\t\t<\/div>\n\t\t\t\t<div class=\"elementor-element elementor-element-69caf8a elementor-widget elementor-widget-image\" data-id=\"69caf8a\" data-element_type=\"widget\" data-widget_type=\"image.default\">\n\t\t\t\t<div class=\"elementor-widget-container\">\n\t\t\t\t\t\t\t\t\t\t\t\t\t\t\t<img loading=\"lazy\" decoding=\"async\" width=\"1024\" height=\"568\" src=\"https:\/\/optimaconcept.fr\/wp-content\/uploads\/2021\/08\/screen-4-1024x568.png\" class=\"attachment-large size-large wp-image-501\" alt=\"\" srcset=\"https:\/\/optimaconcept.fr\/wp-content\/uploads\/2021\/08\/screen-4-1024x568.png 1024w, https:\/\/optimaconcept.fr\/wp-content\/uploads\/2021\/08\/screen-4-300x166.png 300w, https:\/\/optimaconcept.fr\/wp-content\/uploads\/2021\/08\/screen-4-768x426.png 768w, https:\/\/optimaconcept.fr\/wp-content\/uploads\/2021\/08\/screen-4.png 1100w\" sizes=\"(max-width: 1024px) 100vw, 1024px\" \/>\t\t\t\t\t\t\t\t\t\t\t\t\t\t\t<\/div>\n\t\t\t\t<\/div>\n\t\t\t\t<div class=\"elementor-element elementor-element-a060822 elementor-widget elementor-widget-image\" data-id=\"a060822\" data-element_type=\"widget\" data-widget_type=\"image.default\">\n\t\t\t\t<div class=\"elementor-widget-container\">\n\t\t\t\t\t\t\t\t\t\t\t\t\t\t\t<img loading=\"lazy\" decoding=\"async\" width=\"1024\" height=\"568\" src=\"https:\/\/optimaconcept.fr\/wp-content\/uploads\/2021\/08\/screen-3-1024x568.png\" class=\"attachment-large size-large wp-image-500\" alt=\"\" srcset=\"https:\/\/optimaconcept.fr\/wp-content\/uploads\/2021\/08\/screen-3-1024x568.png 1024w, https:\/\/optimaconcept.fr\/wp-content\/uploads\/2021\/08\/screen-3-300x166.png 300w, https:\/\/optimaconcept.fr\/wp-content\/uploads\/2021\/08\/screen-3-768x426.png 768w, https:\/\/optimaconcept.fr\/wp-content\/uploads\/2021\/08\/screen-3.png 1100w\" sizes=\"(max-width: 1024px) 100vw, 1024px\" \/>\t\t\t\t\t\t\t\t\t\t\t\t\t\t\t<\/div>\n\t\t\t\t<\/div>\n\t\t\t\t\t<\/div>\n\t\t<\/div>\n\t\t\t\t<div class=\"elementor-column elementor-col-50 elementor-inner-column elementor-element elementor-element-bd307cd\" data-id=\"bd307cd\" data-element_type=\"column\">\n\t\t\t<div class=\"elementor-widget-wrap elementor-element-populated\">\n\t\t\t\t\t\t<div class=\"elementor-element elementor-element-f5b9523 elementor-widget elementor-widget-text-editor\" data-id=\"f5b9523\" data-element_type=\"widget\" data-widget_type=\"text-editor.default\">\n\t\t\t\t<div class=\"elementor-widget-container\">\n\t\t\t\t\t\t\t\t\t<p><span style=\"color: var( --e-global-color-text ); font-family: var( --e-global-typography-text-font-family ), Sans-serif; font-weight: var( --e-global-typography-text-font-weight );\"><b>Utilisation paie du logiciel :<\/b><\/span><span style=\"color: var( --e-global-color-text ); font-family: var( --e-global-typography-text-font-family ), Sans-serif; font-weight: var( --e-global-typography-text-font-weight );\"> saisie de variables, saisie d\u2019absences, calcul et envoi des bulletins, g\u00e9n\u00e9rer des attestations de salaire, des attestations P\u00f4le Emploi\u2026<\/span><\/p><p><b>Transparence et explications des calculs : <\/b>indemnit\u00e9s de cong\u00e9s pay\u00e9s, maintiens maladie, accident de travail, indemnit\u00e9s de sortie\u2026 Les calculs peuvent \u00eatre visualis\u00e9s et compris directement depuis l\u2019interface de saisie du bulletin.<\/p><p><b>Gestion des param\u00e9trages l\u00e9gaux \/<\/b> <b>conventionnels<\/b> via une base de donn\u00e9es g\u00e9r\u00e9e par Silaexpert et int\u00e9grant les taux de cotisation (URSSAF, retraite, mutuelle, pr\u00e9voyance, taxe sur salaire\u2026), les salaires minima, les montants, les primes, les organismes\u2026<\/p><p><b>Gestion du d\u00e9claratif : <\/b>calcul \/ modifications, envois EDI, suivi des d\u00e9clarations \/ rejets\u2026<\/p><p><b>Comptabilit\u00e9 : <\/b>param\u00e9trage et g\u00e9n\u00e9ration des \u00e9critures comptables, gestion de l\u2019analytique, des comptes sp\u00e9cifiques, cr\u00e9ation de mod\u00e8les, gestion en masse des \u00e9critures comptables.<\/p><p><b>Mise \u00e0 disposition d\u2019\u00e9tats r\u00e9capitulatifs :<\/b> journal de paie, r\u00e9capitulatif de paie, \u00e9tat des paiements, solde de repos\u2026<\/p><p><b>Personnalisation d\u2019\u00e9ditions : i<\/b>nformations salari\u00e9s, export de donn\u00e9es pr\u00e9sentes au sein du logiciel.<\/p><p>Mise \u00e0 disposition d\u2019outils bureautiques comme la cr\u00e9ation de mod\u00e8les bureautiques (notamment pour les contrats de travail).<\/p><p><b>Outils d\u2019analyse de l\u2019activit\u00e9 du cabinet<\/b> (par CCN, par collaborateur, par sp\u00e9cificit\u00e9\u2026)<\/p><p><b>Outils de mission sociale :<\/b> bilan soci\u00e9t\u00e9 \/ salari\u00e9, mouvements de personnels, suivi des formations, suivi des visites m\u00e9dicales, analyse de l\u2019effectif\u2026<\/p><p><b>M\u00e9canisme d\u2019archivage des documents <\/b>et possibilit\u00e9 de souscrire \u00e0 la fonctionnalit\u00e9 de Gestion Electronique des Documents (soit la mise \u00e0 disposition d\u2019un module compl\u00e9mentaire permettant la num\u00e9risation et l\u2019int\u00e9gration de documents non produits par l\u2019applicatif).<\/p><p><b>Modules Compl\u00e9mentaires : <\/b>RH et RH Pro \/ Coffre-fort \u00e9lectronique<\/p>\t\t\t\t\t\t\t\t<\/div>\n\t\t\t\t<\/div>\n\t\t\t\t\t<\/div>\n\t\t<\/div>\n\t\t\t\t\t<\/div>\n\t\t<\/section>\n\t\t\t\t\t<\/div>\n\t\t<\/div>\n\t\t\t\t\t<\/div>\n\t\t<\/section>\n\t\t\t\t<section class=\"elementor-section elementor-top-section elementor-element elementor-element-6c0f7293 elementor-section-height-min-height elementor-section-content-middle elementor-section-boxed elementor-section-height-default elementor-section-items-middle\" data-id=\"6c0f7293\" data-element_type=\"section\" data-settings=\"{&quot;background_background&quot;:&quot;classic&quot;}\">\n\t\t\t\t\t\t<div class=\"elementor-container elementor-column-gap-default\">\n\t\t\t\t\t<div class=\"elementor-column elementor-col-50 elementor-top-column elementor-element elementor-element-be4b46f\" data-id=\"be4b46f\" data-element_type=\"column\">\n\t\t\t<div class=\"elementor-widget-wrap elementor-element-populated\">\n\t\t\t\t\t\t<div class=\"elementor-element elementor-element-3b5ac76b elementor-widget elementor-widget-heading\" data-id=\"3b5ac76b\" data-element_type=\"widget\" data-widget_type=\"heading.default\">\n\t\t\t\t<div class=\"elementor-widget-container\">\n\t\t\t\t\t<h3 class=\"elementor-heading-title elementor-size-large\">il y a bien trop \u00e0 dire sur cet outil 100% Fran\u00e7ais ! le mieux serait que nous en parlions de vive voix !<\/h3>\t\t\t\t<\/div>\n\t\t\t\t<\/div>\n\t\t\t\t\t<\/div>\n\t\t<\/div>\n\t\t\t\t<div class=\"elementor-column elementor-col-50 elementor-top-column elementor-element elementor-element-3849ed80\" data-id=\"3849ed80\" data-element_type=\"column\">\n\t\t\t<div class=\"elementor-widget-wrap elementor-element-populated\">\n\t\t\t\t\t\t<div class=\"elementor-element elementor-element-2cc243e4 elementor-align-center elementor-widget elementor-widget-button\" data-id=\"2cc243e4\" data-element_type=\"widget\" data-widget_type=\"button.default\">\n\t\t\t\t<div class=\"elementor-widget-container\">\n\t\t\t\t\t\t\t\t\t<div class=\"elementor-button-wrapper\">\n\t\t\t\t\t<a class=\"elementor-button elementor-button-link elementor-size-lg\" href=\"#contact-1\">\n\t\t\t\t\t\t<span class=\"elementor-button-content-wrapper\">\n\t\t\t\t\t\t\t\t\t<span class=\"elementor-button-text\">Contactez-nous !<\/span>\n\t\t\t\t\t<\/span>\n\t\t\t\t\t<\/a>\n\t\t\t\t<\/div>\n\t\t\t\t\t\t\t\t<\/div>\n\t\t\t\t<\/div>\n\t\t\t\t\t<\/div>\n\t\t<\/div>\n\t\t\t\t\t<\/div>\n\t\t<\/section>\n\t\t\t\t<\/div>\n\t\t","protected":false},"excerpt":{"rendered":"<p>votre logiciel paie &#8211; RH Le produit SilaExpert offre une solution compl\u00e8te, facilitant la r\u00e9alisation des paies et offrant une large palette d\u2019outils paie, bureautiques, comptables, de mission sociale\u2026 Optima, partenaire agr\u00e9\u00e9 SilaeExpert depuis 2017 Nous contacter ? Utilisation paie du logiciel : saisie de variables, saisie d\u2019absences, calcul et envoi des bulletins, g\u00e9n\u00e9rer des&hellip; <br \/> <a class=\"read-more\" href=\"https:\/\/optimaconcept.fr\/index.php\/silae-expert\/\">Lire la suite<\/a><\/p>\n","protected":false},"author":1,"featured_media":0,"parent":0,"menu_order":0,"comment_status":"closed","ping_status":"closed","template":"","meta":{"footnotes":""},"class_list":["post-477","page","type-page","status-publish","hentry"],"_links":{"self":[{"href":"https:\/\/optimaconcept.fr\/index.php\/wp-json\/wp\/v2\/pages\/477","targetHints":{"allow":["GET"]}}],"collection":[{"href":"https:\/\/optimaconcept.fr\/index.php\/wp-json\/wp\/v2\/pages"}],"about":[{"href":"https:\/\/optimaconcept.fr\/index.php\/wp-json\/wp\/v2\/types\/page"}],"author":[{"embeddable":true,"href":"https:\/\/optimaconcept.fr\/index.php\/wp-json\/wp\/v2\/users\/1"}],"replies":[{"embeddable":true,"href":"https:\/\/optimaconcept.fr\/index.php\/wp-json\/wp\/v2\/comments?post=477"}],"version-history":[{"count":51,"href":"https:\/\/optimaconcept.fr\/index.php\/wp-json\/wp\/v2\/pages\/477\/revisions"}],"predecessor-version":[{"id":942,"href":"https:\/\/optimaconcept.fr\/index.php\/wp-json\/wp\/v2\/pages\/477\/revisions\/942"}],"wp:attachment":[{"href":"https:\/\/optimaconcept.fr\/index.php\/wp-json\/wp\/v2\/media?parent=477"}],"curies":[{"name":"wp","href":"https:\/\/api.w.org\/{rel}","templated":true}]}}